{"id":31028,"date":"2025-02-22T21:27:32","date_gmt":"2025-02-22T18:27:32","guid":{"rendered":"https:\/\/new.minticity.com\/?page_id=31028"},"modified":"2025-09-12T20:14:06","modified_gmt":"2025-09-12T17:14:06","slug":"teklif-talep-formu","status":"publish","type":"page","link":"https:\/\/turkiye.minticity.com\/tr\/teklif-talep-formu\/","title":{"rendered":"Teklif Talep Formu"},"content":{"rendered":"\t\t<div data-elementor-type=\"wp-page\" data-elementor-id=\"31028\" class=\"elementor elementor-31028\" data-elementor-post-type=\"page\">\n\t\t\t\t\t\t<section class=\"elementor-section elementor-top-section elementor-element elementor-element-21d43375 elementor-section-boxed elementor-section-height-default elementor-section-height-default\" data-id=\"21d43375\" data-element_type=\"section\" data-e-type=\"section\">\n\t\t\t\t\t\t<div class=\"elementor-container elementor-column-gap-default\">\n\t\t\t\t\t<div class=\"elementor-column elementor-col-100 elementor-top-column elementor-element elementor-element-65d150bd\" data-id=\"65d150bd\" data-element_type=\"column\" data-e-type=\"column\">\n\t\t\t<div class=\"elementor-widget-wrap elementor-element-populated\">\n\t\t\t\t\t\t<div class=\"elementor-element elementor-element-72448929 elementor-widget elementor-widget-shortcode\" data-id=\"72448929\" data-element_type=\"widget\" data-e-type=\"widget\" data-widget_type=\"shortcode.default\">\n\t\t\t\t<div class=\"elementor-widget-container\">\n\t\t\t\t\t\t\t<div class=\"elementor-shortcode\"><div class=\"forminator-ui forminator-custom-form forminator-custom-form-31043 forminator-design--material  forminator_ajax\" data-forminator-render=\"0\" data-form=\"forminator-module-31043\" data-uid=\"6a040d23dbb12\"><br\/><\/div><form\n\t\t\t\tid=\"forminator-module-31043\"\n\t\t\t\tclass=\"forminator-ui forminator-custom-form forminator-custom-form-31043 forminator-design--material  forminator_ajax\"\n\t\t\t\tmethod=\"post\"\n\t\t\t\tdata-forminator-render=\"0\"\n\t\t\t\tdata-form-id=\"31043\"\n\t\t\t\t data-color-option=\"default\" data-design=\"material\" data-grid=\"open\" style=\"display: none;\"\n\t\t\t\tdata-uid=\"6a040d23dbb12\"\n\t\t\t><div role=\"alert\" aria-live=\"polite\" class=\"forminator-response-message forminator-error\" aria-hidden=\"true\"><\/div><div class=\"forminator-row\"><div id=\"name-1\" class=\"forminator-field-name forminator-col forminator-col-12 \"><div class=\"forminator-row forminator-no-margin\" data-multiple=\"true\"><div class=\"forminator-col forminator-col-md-6\"><div class=\"forminator-field\"><label for=\"forminator-field-first-name-1_6a040d23dbb12\" id=\"forminator-field-first-name-1_6a040d23dbb12-label\" class=\"forminator-label\">Ad\u0131n\u0131z <span class=\"forminator-required\">*<\/span><\/label><input type=\"text\" name=\"name-1-first-name\" placeholder=\"\" id=\"forminator-field-first-name-1_6a040d23dbb12\" class=\"forminator-input\" aria-required=\"true\" data-multi=\"1\" autocomplete=\"given-name\" value=\"\" \/><\/div><\/div><div class=\"forminator-col forminator-col-md-6\"><div class=\"forminator-field\"><label for=\"forminator-field-last-name-1_6a040d23dbb12\" id=\"forminator-field-last-name-1_6a040d23dbb12-label\" class=\"forminator-label\">Soyad\u0131n\u0131z <span class=\"forminator-required\">*<\/span><\/label><input type=\"text\" name=\"name-1-last-name\" placeholder=\"\" id=\"forminator-field-last-name-1_6a040d23dbb12\" class=\"forminator-input\" aria-required=\"true\" data-multi=\"1\" autocomplete=\"family-name\" value=\"\" \/><\/div><\/div><\/div><\/div><\/div><div class=\"forminator-row\"><div id=\"email-1\" class=\"forminator-field-email forminator-col forminator-col-6 \"><div class=\"forminator-field\"><label for=\"forminator-field-email-1_6a040d23dbb12\" id=\"forminator-field-email-1_6a040d23dbb12-label\" class=\"forminator-label\">E-posta Adresiniz <span class=\"forminator-required\">*<\/span><\/label><input type=\"email\" name=\"email-1\" value=\"\" placeholder=\"\" id=\"forminator-field-email-1_6a040d23dbb12\" class=\"forminator-input forminator-email--field\" data-required=\"true\" aria-required=\"true\" autocomplete=\"email\" \/><\/div><\/div><div id=\"phone-1\" class=\"forminator-field-phone forminator-col forminator-col-6 \"><div class=\"forminator-field\"><label for=\"forminator-field-phone-1_6a040d23dbb12\" id=\"forminator-field-phone-1_6a040d23dbb12-label\" class=\"forminator-label\">Telefon Numaran\u0131z <span class=\"forminator-required\">*<\/span><\/label><input type=\"text\" name=\"phone-1\" value=\"\" placeholder=\"+905321234567\" id=\"forminator-field-phone-1_6a040d23dbb12\" class=\"forminator-input forminator-field--phone\" data-required=\"1\" aria-required=\"true\" autocomplete=\"off\" data-validation=\"1\" \/><\/div><\/div><\/div><div class=\"forminator-row\"><div id=\"text-2\" class=\"forminator-field-text forminator-col forminator-col-6 \"><div class=\"forminator-field\"><label for=\"forminator-field-text-2_6a040d23dbb12\" id=\"forminator-field-text-2_6a040d23dbb12-label\" class=\"forminator-label\">Kurumunuz <span class=\"forminator-required\">*<\/span><\/label><input type=\"text\" name=\"text-2\" value=\"\" placeholder=\"\" id=\"forminator-field-text-2_6a040d23dbb12\" class=\"forminator-input forminator-name--field\" data-required=\"1\" \/><\/div><\/div><div id=\"text-3\" class=\"forminator-field-text forminator-col forminator-col-6 \"><div class=\"forminator-field\"><label for=\"forminator-field-text-3_6a040d23dbb12\" id=\"forminator-field-text-3_6a040d23dbb12-label\" class=\"forminator-label\">G\u00f6reviniz <span class=\"forminator-required\">*<\/span><\/label><input type=\"text\" name=\"text-3\" value=\"\" placeholder=\"\" id=\"forminator-field-text-3_6a040d23dbb12\" class=\"forminator-input forminator-name--field\" data-required=\"1\" \/><\/div><\/div><\/div><div class=\"forminator-row\"><div id=\"text-1\" class=\"forminator-field-text forminator-col forminator-col-12 \"><div class=\"forminator-field\"><label for=\"forminator-field-text-1_6a040d23dbb12\" id=\"forminator-field-text-1_6a040d23dbb12-label\" class=\"forminator-label\">Bulundu\u011funuz \u00dclke <span class=\"forminator-required\">*<\/span><\/label><input type=\"text\" name=\"text-1\" value=\"\" placeholder=\"\" id=\"forminator-field-text-1_6a040d23dbb12\" class=\"forminator-input forminator-name--field\" data-required=\"1\" \/><\/div><\/div><\/div><div class=\"forminator-row\"><div id=\"checkbox-1\" class=\"forminator-field-checkbox forminator-col forminator-col-12 \"><div role=\"group\" class=\"forminator-field required\" aria-labelledby=\"forminator-checkbox-group-forminator-field-checkbox-1-6a040d23dbb12-label\"><span id=\"forminator-checkbox-group-forminator-field-checkbox-1-6a040d23dbb12-label\" class=\"forminator-label\">Teklif Almak \u0130stedi\u011finiz \u00dcr\u00fcnler\/Hizmetler <span class=\"forminator-required\">*<\/span><\/span><label id=\"forminator-field-checkbox-1-1-6a040d23dbb12-label\" for=\"forminator-field-checkbox-1-1-6a040d23dbb12\" class=\"forminator-checkbox\" title=\"MintiCity Online\"><input type=\"checkbox\" name=\"checkbox-1[]\" value=\"service-1\" id=\"forminator-field-checkbox-1-1-6a040d23dbb12\" aria-labelledby=\"forminator-field-checkbox-1-1-6a040d23dbb12-label\" data-calculation=\"0\"  \/><span class=\"forminator-checkbox-box\" aria-hidden=\"true\"><\/span><span class=\"forminator-checkbox-label\">MintiCity Online<\/span><\/label><label id=\"forminator-field-checkbox-1-2-6a040d23dbb12-label\" for=\"forminator-field-checkbox-1-2-6a040d23dbb12\" class=\"forminator-checkbox\" title=\"Bas\u0131l\u0131 Yay\u0131nlar\"><input type=\"checkbox\" name=\"checkbox-1[]\" value=\"service-2\" id=\"forminator-field-checkbox-1-2-6a040d23dbb12\" aria-labelledby=\"forminator-field-checkbox-1-2-6a040d23dbb12-label\" data-calculation=\"0\"  \/><span class=\"forminator-checkbox-box\" aria-hidden=\"true\"><\/span><span class=\"forminator-checkbox-label\">Bas\u0131l\u0131 Yay\u0131nlar<\/span><\/label><\/div><\/div><\/div><div class=\"forminator-row\"><div id=\"text-4\" class=\"forminator-field-text forminator-col forminator-col-12 \"><div class=\"forminator-field\"><label for=\"forminator-field-text-4_6a040d23dbb12\" id=\"forminator-field-text-4_6a040d23dbb12-label\" class=\"forminator-label\">Toplam Yakla\u015f\u0131k Almanca \u00d6\u011frenci Say\u0131s\u0131<\/label><input type=\"text\" name=\"text-4\" value=\"\" placeholder=\"\" id=\"forminator-field-text-4_6a040d23dbb12\" class=\"forminator-input forminator-name--field\" data-required=\"\" \/><\/div><\/div><\/div><div class=\"forminator-row\"><div id=\"textarea-2\" class=\"forminator-field-textarea forminator-col forminator-col-12 \"><div class=\"forminator-field\"><label for=\"forminator-field-textarea-2_6a040d23dbb12\" id=\"forminator-field-textarea-2_6a040d23dbb12-label\" class=\"forminator-label\">Okulunuzda Uygulanan Almanca E\u011fitim Program\u0131 Hakk\u0131nda Bilgiler<\/label><textarea name=\"textarea-2\" placeholder=\"Hangi kademelerde Almanca dersi var?\nHaftal\u0131k ortalama ders saati ne kadar?\nHangi materyalleri kullanmaktas\u0131n\u0131z? vb.\" id=\"forminator-field-textarea-2_6a040d23dbb12\" class=\"forminator-textarea\" rows=\"6\" style=\"min-height:140px;\" maxlength=\"1000\" ><\/textarea><span id=\"forminator-field-textarea-2_6a040d23dbb12-description\" class=\"forminator-description\"><span data-limit=\"1000\" data-type=\"characters\" data-editor=\"\">0 \/ 1000<\/span><\/span><\/div><\/div><\/div><div class=\"forminator-row\"><div id=\"textarea-1\" class=\"forminator-field-textarea forminator-col forminator-col-12 \"><div class=\"forminator-field\"><label for=\"forminator-field-textarea-1_6a040d23dbb12\" id=\"forminator-field-textarea-1_6a040d23dbb12-label\" class=\"forminator-label\">Eklemek \u0130stedikleriniz<\/label><textarea name=\"textarea-1\" placeholder=\"\" id=\"forminator-field-textarea-1_6a040d23dbb12\" class=\"forminator-textarea\" rows=\"6\" style=\"min-height:140px;\" maxlength=\"1000\" ><\/textarea><span id=\"forminator-field-textarea-1_6a040d23dbb12-description\" class=\"forminator-description\"><span data-limit=\"1000\" data-type=\"characters\" data-editor=\"\">0 \/ 1000<\/span><\/span><\/div><\/div><\/div><div class=\"forminator-row\"><div id=\"checkbox-2\" class=\"forminator-field-checkbox forminator-col forminator-col-12 \"><div role=\"group\" class=\"forminator-field required\" aria-labelledby=\"forminator-checkbox-group-forminator-field-checkbox-2-6a040d23dbb12-label\"><label id=\"forminator-field-checkbox-2-1-6a040d23dbb12-label\" for=\"forminator-field-checkbox-2-1-6a040d23dbb12\" class=\"forminator-checkbox\" title=\"MintiCity KVKK Ayd\u0131nlatma Metnini Okudum\"><input type=\"checkbox\" name=\"checkbox-2[]\" value=\"one\" id=\"forminator-field-checkbox-2-1-6a040d23dbb12\" aria-labelledby=\"forminator-field-checkbox-2-1-6a040d23dbb12-label\" data-calculation=\"0\"   data-hidden-behavior=\"zero\"\/><span class=\"forminator-checkbox-box\" aria-hidden=\"true\"><\/span><span class=\"forminator-checkbox-label\">MintiCity KVKK Ayd\u0131nlatma Metnini Okudum<\/span><\/label><\/div><\/div><\/div><input type=\"hidden\" name=\"referer_url\" value=\"\" \/><div class=\"forminator-row forminator-row-last\"><div class=\"forminator-col\"><div class=\"forminator-field\"><button class=\"forminator-button forminator-button-submit\"><span>Teklif \u0130ste\u011fi G&ouml;nder<\/span><span aria-hidden=\"true\"><\/span><\/button><\/div><\/div><\/div><input type=\"hidden\" id=\"forminator_nonce\" name=\"forminator_nonce\" value=\"6993f37023\" \/><input type=\"hidden\" name=\"_wp_http_referer\" value=\"\/tr\/wp-json\/wp\/v2\/pages\/31028\" \/><input type=\"hidden\" name=\"form_id\" value=\"31043\"><input type=\"hidden\" name=\"page_id\" value=\"31028\"><input type=\"hidden\" name=\"form_type\" value=\"default\"><input type=\"hidden\" name=\"current_url\" value=\"https:\/\/turkiye.minticity.com\/tr\/teklif-talep-formu\/\"><input type=\"hidden\" name=\"render_id\" value=\"0\"><input type=\"hidden\" name=\"action\" value=\"forminator_submit_form_custom-forms\"><\/form><\/div>\n\t\t\t\t\t\t<\/div>\n\t\t\t\t<\/div>\n\t\t\t\t\t<\/div>\n\t\t<\/div>\n\t\t\t\t\t<\/div>\n\t\t<\/section>\n\t\t\t\t<\/div>\n\t\t","protected":false},"excerpt":{"rendered":"","protected":false},"author":5,"featured_media":0,"parent":0,"menu_order":0,"comment_status":"closed","ping_status":"closed","template":"elementor_header_footer","meta":{"ocean_post_layout":"","ocean_both_sidebars_style":"","ocean_both_sidebars_content_width":0,"ocean_both_sidebars_sidebars_width":0,"ocean_sidebar":"0","ocean_second_sidebar":"0","ocean_disable_margins":"enable","ocean_add_body_class":"","ocean_shortcode_before_top_bar":"","ocean_shortcode_after_top_bar":"","ocean_shortcode_before_header":"","ocean_shortcode_after_header":"","ocean_has_shortcode":"","ocean_shortcode_after_title":"","ocean_shortcode_before_footer_widgets":"","ocean_shortcode_after_footer_widgets":"","ocean_shortcode_before_footer_bottom":"","ocean_shortcode_after_footer_bottom":"","ocean_display_top_bar":"default","ocean_display_header":"default","ocean_header_style":"","ocean_center_header_left_menu":"0","ocean_custom_header_template":"0","ocean_custom_logo":0,"ocean_custom_retina_logo":0,"ocean_custom_logo_max_width":0,"ocean_custom_logo_tablet_max_width":0,"ocean_custom_logo_mobile_max_width":0,"ocean_custom_logo_max_height":0,"ocean_custom_logo_tablet_max_height":0,"ocean_custom_logo_mobile_max_height":0,"ocean_header_custom_menu":"0","ocean_menu_typo_font_family":"0","ocean_menu_typo_font_subset":"","ocean_menu_typo_font_size":0,"ocean_menu_typo_font_size_tablet":0,"ocean_menu_typo_font_size_mobile":0,"ocean_menu_typo_font_size_unit":"px","ocean_menu_typo_font_weight":"","ocean_menu_typo_font_weight_tablet":"","ocean_menu_typo_font_weight_mobile":"","ocean_menu_typo_transform":"","ocean_menu_typo_transform_tablet":"","ocean_menu_typo_transform_mobile":"","ocean_menu_typo_line_height":0,"ocean_menu_typo_line_height_tablet":0,"ocean_menu_typo_line_height_mobile":0,"ocean_menu_typo_line_height_unit":"","ocean_menu_typo_spacing":0,"ocean_menu_typo_spacing_tablet":0,"ocean_menu_typo_spacing_mobile":0,"ocean_menu_typo_spacing_unit":"","ocean_menu_link_color":"","ocean_menu_link_color_hover":"","ocean_menu_link_color_active":"","ocean_menu_link_background":"","ocean_menu_link_hover_background":"","ocean_menu_link_active_background":"","ocean_menu_social_links_bg":"","ocean_menu_social_hover_links_bg":"","ocean_menu_social_links_color":"","ocean_menu_social_hover_links_color":"","ocean_disable_title":"default","ocean_disable_heading":"default","ocean_post_title":"","ocean_post_subheading":"","ocean_post_title_style":"","ocean_post_title_background_color":"","ocean_post_title_background":0,"ocean_post_title_bg_image_position":"","ocean_post_title_bg_image_attachment":"","ocean_post_title_bg_image_repeat":"","ocean_post_title_bg_image_size":"","ocean_post_title_height":0,"ocean_post_title_bg_overlay":0.5,"ocean_post_title_bg_overlay_color":"","ocean_disable_breadcrumbs":"default","ocean_breadcrumbs_color":"","ocean_breadcrumbs_separator_color":"","ocean_breadcrumbs_links_color":"","ocean_breadcrumbs_links_hover_color":"","ocean_display_footer_widgets":"default","ocean_display_footer_bottom":"default","ocean_custom_footer_template":"0","footnotes":""},"class_list":["post-31028","page","type-page","status-publish","hentry","entry"],"_links":{"self":[{"href":"https:\/\/turkiye.minticity.com\/tr\/wp-json\/wp\/v2\/pages\/31028","targetHints":{"allow":["GET"]}}],"collection":[{"href":"https:\/\/turkiye.minticity.com\/tr\/wp-json\/wp\/v2\/pages"}],"about":[{"href":"https:\/\/turkiye.minticity.com\/tr\/wp-json\/wp\/v2\/types\/page"}],"author":[{"embeddable":true,"href":"https:\/\/turkiye.minticity.com\/tr\/wp-json\/wp\/v2\/users\/5"}],"replies":[{"embeddable":true,"href":"https:\/\/turkiye.minticity.com\/tr\/wp-json\/wp\/v2\/comments?post=31028"}],"version-history":[{"count":17,"href":"https:\/\/turkiye.minticity.com\/tr\/wp-json\/wp\/v2\/pages\/31028\/revisions"}],"predecessor-version":[{"id":32049,"href":"https:\/\/turkiye.minticity.com\/tr\/wp-json\/wp\/v2\/pages\/31028\/revisions\/32049"}],"wp:attachment":[{"href":"https:\/\/turkiye.minticity.com\/tr\/wp-json\/wp\/v2\/media?parent=31028"}],"curies":[{"name":"wp","href":"https:\/\/api.w.org\/{rel}","templated":true}]}}