{"id":32264,"date":"2026-04-09T11:28:20","date_gmt":"2026-04-09T08:28:20","guid":{"rendered":"https:\/\/turkiye.minticity.com\/?page_id=32264"},"modified":"2026-04-09T11:36:11","modified_gmt":"2026-04-09T08:36:11","slug":"erisilebilirlik-beyani","status":"publish","type":"page","link":"https:\/\/turkiye.minticity.com\/tr\/erisilebilirlik-beyani\/","title":{"rendered":"Eri\u015febilirlik Beyan\u0131"},"content":{"rendered":"\t\t<div data-elementor-type=\"wp-page\" data-elementor-id=\"32264\" class=\"elementor elementor-32264\" data-elementor-post-type=\"page\">\n\t\t\t\t\t\t<section class=\"elementor-section elementor-top-section elementor-element elementor-element-747ab0f elementor-section-boxed elementor-section-height-default elementor-section-height-default\" data-id=\"747ab0f\" data-element_type=\"section\" data-e-type=\"section\">\n\t\t\t\t\t\t<div class=\"elementor-container elementor-column-gap-default\">\n\t\t\t\t\t<div class=\"elementor-column elementor-col-100 elementor-top-column elementor-element elementor-element-f6f472f\" data-id=\"f6f472f\" data-element_type=\"column\" data-e-type=\"column\">\n\t\t\t<div class=\"elementor-widget-wrap elementor-element-populated\">\n\t\t\t\t\t\t<div class=\"elementor-element elementor-element-82d31c0 elementor-widget elementor-widget-text-editor\" data-id=\"82d31c0\" data-element_type=\"widget\" data-e-type=\"widget\" data-widget_type=\"text-editor.default\">\n\t\t\t\t<div class=\"elementor-widget-container\">\n\t\t\t\t\t\t\t\t\t<h2>Eri\u015filebilirlik Beyan\u0131<\/h2><p>MintiCity, taray\u0131c\u0131 tabanl\u0131 \u00f6\u011fretim ve \u00f6\u011frenim platformunu kademeli olarak eri\u015filebilir hale getirmek i\u00e7in \u00e7aba g\u00f6stermektedir. Bu s\u00fcre\u00e7te, Web \u0130\u00e7eri\u011fi Eri\u015filebilirlik Y\u00f6nergeleri (WCAG) 2.1, AA Uyumluluk Seviyesi ve Avrupa standard\u0131 EN 301 549\u2019un gerekliliklerini esas al\u0131yoruz.<\/p><h2>Gerekliliklerle Uyum Durumu<\/h2><p>MintiCity \u015fu anda belirtilen gerekliliklerle k\u0131smen uyumludur.<\/p><p>Halihaz\u0131rda uygulananlar aras\u0131nda net bir yap\u0131, anla\u015f\u0131l\u0131r kullan\u0131m ak\u0131\u015flar\u0131 ve b\u00fcy\u00fck \u00f6l\u00e7\u00fcde dil a\u00e7\u0131s\u0131ndan m\u00fcmk\u00fcn oldu\u011funca anla\u015f\u0131l\u0131r i\u00e7erikler bulunmaktad\u0131r.<\/p><p>\u015eu anda baz\u0131 alanlarda hala engeller mevcuttur. Bunlar aras\u0131nda \u00f6zellikle ekran okuyucularla kullan\u0131m, tam klavye kullan\u0131m\u0131 ve tek tek etkile\u015fimli \u00f6\u011felerin a\u00e7\u0131k bir \u015fekilde i\u015faretlenmesi konusunda k\u0131s\u0131tlamalar yer alabilir. Bu engelleri tespit etmek, kademeli olarak ortadan kald\u0131rmak ve dijital eri\u015filebilirli\u011fi daha da iyile\u015ftirmek i\u00e7in s\u00fcrekli \u00e7al\u0131\u015f\u0131yoruz.<\/p><p>MintiCity&#8217;yi kullan\u0131rken herhangi bir engelle kar\u015f\u0131la\u015f\u0131rsan\u0131z, geri bildiriminizi bekliyoruz:<\/p><p><a href=\"mailto:contact@minticity.de\">contact@minticity.de<\/a><\/p><p>Bu beyan\u0131n tarihi: 20.03.2026<\/p>\t\t\t\t\t\t\t\t<\/div>\n\t\t\t\t<\/div>\n\t\t\t\t\t<\/div>\n\t\t<\/div>\n\t\t\t\t\t<\/div>\n\t\t<\/section>\n\t\t\t\t<\/div>\n\t\t","protected":false},"excerpt":{"rendered":"<p>Eri\u015filebilirlik Beyan\u0131 MintiCity, taray\u0131c\u0131 tabanl\u0131 \u00f6\u011fretim ve \u00f6\u011frenim platformunu kademeli olarak eri\u015filebilir hale getirmek i\u00e7in \u00e7aba g\u00f6stermektedir. Bu s\u00fcre\u00e7te, Web \u0130\u00e7eri\u011fi Eri\u015filebilirlik Y\u00f6nergeleri (WCAG) 2.1, AA Uyumluluk Seviyesi ve Avrupa standard\u0131 EN 301 549\u2019un gerekliliklerini esas al\u0131yoruz. Gerekliliklerle Uyum Durumu MintiCity \u015fu anda belirtilen gerekliliklerle k\u0131smen uyumludur. Halihaz\u0131rda uygulananlar aras\u0131nda net bir yap\u0131, anla\u015f\u0131l\u0131r kullan\u0131m [&hellip;]<\/p>\n","protected":false},"author":5,"featured_media":0,"parent":0,"menu_order":0,"comment_status":"closed","ping_status":"closed","template":"elementor_header_footer","meta":{"ocean_post_layout":"","ocean_both_sidebars_style":"","ocean_both_sidebars_content_width":0,"ocean_both_sidebars_sidebars_width":0,"ocean_sidebar":"0","ocean_second_sidebar":"0","ocean_disable_margins":"enable","ocean_add_body_class":"","ocean_shortcode_before_top_bar":"","ocean_shortcode_after_top_bar":"","ocean_shortcode_before_header":"","ocean_shortcode_after_header":"","ocean_has_shortcode":"","ocean_shortcode_after_title":"","ocean_shortcode_before_footer_widgets":"","ocean_shortcode_after_footer_widgets":"","ocean_shortcode_before_footer_bottom":"","ocean_shortcode_after_footer_bottom":"","ocean_display_top_bar":"default","ocean_display_header":"default","ocean_header_style":"","ocean_center_header_left_menu":"0","ocean_custom_header_template":"0","ocean_custom_logo":0,"ocean_custom_retina_logo":0,"ocean_custom_logo_max_width":0,"ocean_custom_logo_tablet_max_width":0,"ocean_custom_logo_mobile_max_width":0,"ocean_custom_logo_max_height":0,"ocean_custom_logo_tablet_max_height":0,"ocean_custom_logo_mobile_max_height":0,"ocean_header_custom_menu":"0","ocean_menu_typo_font_family":"0","ocean_menu_typo_font_subset":"","ocean_menu_typo_font_size":0,"ocean_menu_typo_font_size_tablet":0,"ocean_menu_typo_font_size_mobile":0,"ocean_menu_typo_font_size_unit":"px","ocean_menu_typo_font_weight":"","ocean_menu_typo_font_weight_tablet":"","ocean_menu_typo_font_weight_mobile":"","ocean_menu_typo_transform":"","ocean_menu_typo_transform_tablet":"","ocean_menu_typo_transform_mobile":"","ocean_menu_typo_line_height":0,"ocean_menu_typo_line_height_tablet":0,"ocean_menu_typo_line_height_mobile":0,"ocean_menu_typo_line_height_unit":"","ocean_menu_typo_spacing":0,"ocean_menu_typo_spacing_tablet":0,"ocean_menu_typo_spacing_mobile":0,"ocean_menu_typo_spacing_unit":"","ocean_menu_link_color":"","ocean_menu_link_color_hover":"","ocean_menu_link_color_active":"","ocean_menu_link_background":"","ocean_menu_link_hover_background":"","ocean_menu_link_active_background":"","ocean_menu_social_links_bg":"","ocean_menu_social_hover_links_bg":"","ocean_menu_social_links_color":"","ocean_menu_social_hover_links_color":"","ocean_disable_title":"default","ocean_disable_heading":"default","ocean_post_title":"","ocean_post_subheading":"","ocean_post_title_style":"","ocean_post_title_background_color":"","ocean_post_title_background":0,"ocean_post_title_bg_image_position":"","ocean_post_title_bg_image_attachment":"","ocean_post_title_bg_image_repeat":"","ocean_post_title_bg_image_size":"","ocean_post_title_height":0,"ocean_post_title_bg_overlay":0.5,"ocean_post_title_bg_overlay_color":"","ocean_disable_breadcrumbs":"default","ocean_breadcrumbs_color":"","ocean_breadcrumbs_separator_color":"","ocean_breadcrumbs_links_color":"","ocean_breadcrumbs_links_hover_color":"","ocean_display_footer_widgets":"default","ocean_display_footer_bottom":"default","ocean_custom_footer_template":"0","footnotes":""},"class_list":["post-32264","page","type-page","status-publish","hentry","entry"],"_links":{"self":[{"href":"https:\/\/turkiye.minticity.com\/tr\/wp-json\/wp\/v2\/pages\/32264","targetHints":{"allow":["GET"]}}],"collection":[{"href":"https:\/\/turkiye.minticity.com\/tr\/wp-json\/wp\/v2\/pages"}],"about":[{"href":"https:\/\/turkiye.minticity.com\/tr\/wp-json\/wp\/v2\/types\/page"}],"author":[{"embeddable":true,"href":"https:\/\/turkiye.minticity.com\/tr\/wp-json\/wp\/v2\/users\/5"}],"replies":[{"embeddable":true,"href":"https:\/\/turkiye.minticity.com\/tr\/wp-json\/wp\/v2\/comments?post=32264"}],"version-history":[{"count":10,"href":"https:\/\/turkiye.minticity.com\/tr\/wp-json\/wp\/v2\/pages\/32264\/revisions"}],"predecessor-version":[{"id":32274,"href":"https:\/\/turkiye.minticity.com\/tr\/wp-json\/wp\/v2\/pages\/32264\/revisions\/32274"}],"wp:attachment":[{"href":"https:\/\/turkiye.minticity.com\/tr\/wp-json\/wp\/v2\/media?parent=32264"}],"curies":[{"name":"wp","href":"https:\/\/api.w.org\/{rel}","templated":true}]}}